{"id":100385,"date":"2025-01-08T19:53:46","date_gmt":"2025-01-08T18:53:46","guid":{"rendered":"https:\/\/www.logistics-automation.ch\/?page_id=100385"},"modified":"2026-01-07T12:22:12","modified_gmt":"2026-01-07T11:22:12","slug":"besucher-messe-app","status":"publish","type":"page","link":"https:\/\/www.logistics-automation.ch\/de\/besucher-messe-app\/","title":{"rendered":"Besucher Messe App"},"content":{"rendered":"\t\t<div data-elementor-type=\"wp-page\" data-elementor-id=\"100385\" class=\"elementor elementor-100385\" data-elementor-post-type=\"page\">\n\t\t\t\t\t\t<section class=\"elementor-section elementor-top-section elementor-element elementor-element-9b1ff3 elementor-section-content-middle elementor-section-full_width elementor-section-height-default elementor-section-height-default\" data-id=\"9b1ff3\" data-element_type=\"section\" data-settings=\"{&quot;background_background&quot;:&quot;classic&quot;}\">\n\t\t\t\t\t\t<div class=\"elementor-container elementor-column-gap-no\">\n\t\t\t\t\t<div class=\"elementor-column elementor-col-50 elementor-top-column elementor-element elementor-element-d0ab9f7\" data-id=\"d0ab9f7\" data-element_type=\"column\" data-settings=\"{&quot;background_background&quot;:&quot;classic&quot;}\">\n\t\t\t<div class=\"elementor-widget-wrap elementor-element-populated\">\n\t\t\t\t\t\t<div class=\"elementor-element elementor-element-13cf5c80 elementor-widget elementor-widget-spacer\" data-id=\"13cf5c80\" data-element_type=\"widget\" data-widget_type=\"spacer.default\">\n\t\t\t\t<div class=\"elementor-widget-container\">\n\t\t\t\t\t\t\t<div class=\"elementor-spacer\">\n\t\t\t<div class=\"elementor-spacer-inner\"><\/div>\n\t\t<\/div>\n\t\t\t\t\t\t<\/div>\n\t\t\t\t<\/div>\n\t\t\t\t\t<\/div>\n\t\t<\/div>\n\t\t\t\t<div class=\"elementor-column elementor-col-50 elementor-top-column elementor-element elementor-element-1703b916\" data-id=\"1703b916\" data-element_type=\"column\" data-settings=\"{&quot;background_background&quot;:&quot;classic&quot;}\">\n\t\t\t<div class=\"elementor-widget-wrap elementor-element-populated\">\n\t\t\t\t\t\t<div class=\"elementor-element elementor-element-225c00ad elementor-widget elementor-widget-heading\" data-id=\"225c00ad\" data-element_type=\"widget\" data-widget_type=\"heading.default\">\n\t\t\t\t<div class=\"elementor-widget-container\">\n\t\t\t\t\t<h5 class=\"elementor-heading-title elementor-size-default\">Ihr Messebesuch<\/h5>\t\t\t\t<\/div>\n\t\t\t\t<\/div>\n\t\t\t\t<div class=\"elementor-element elementor-element-415b3214 elementor-widget elementor-widget-heading\" data-id=\"415b3214\" data-element_type=\"widget\" data-widget_type=\"heading.default\">\n\t\t\t\t<div class=\"elementor-widget-container\">\n\t\t\t\t\t<h2 class=\"elementor-heading-title elementor-size-default\">Easyfairs Schweiz Messe App<\/h2>\t\t\t\t<\/div>\n\t\t\t\t<\/div>\n\t\t\t\t<div class=\"elementor-element elementor-element-5f8bba5e elementor-widget elementor-widget-text-editor\" data-id=\"5f8bba5e\" data-element_type=\"widget\" data-widget_type=\"text-editor.default\">\n\t\t\t\t<div class=\"elementor-widget-container\">\n\t\t\t\t\t\t\t\t\t<p>Wir freuen uns, Ihnen unsere innovative Messe App vorzustellen, die Ihr Besuchserlebnis von Anfang bis Ende optimiert. Diese App ist nicht nur ein praktisches Planungstool, sondern wird zu Ihrem pers\u00f6nlichen Assistenten, der Ihnen hilft, Ihre Messe optimal zu gestalten. Hier sind die Vorteile auf einen Blick:<\/p>\t\t\t\t\t\t\t\t<\/div>\n\t\t\t\t<\/div>\n\t\t\t\t<div class=\"elementor-element elementor-element-54ca2290 elementor-widget elementor-widget-button\" data-id=\"54ca2290\" data-element_type=\"widget\" data-widget_type=\"button.default\">\n\t\t\t\t<div class=\"elementor-widget-container\">\n\t\t\t\t\t\t\t\t\t<div class=\"elementor-button-wrapper\">\n\t\t\t\t\t<a class=\"elementor-button elementor-button-link elementor-size-sm\" href=\"https:\/\/fk0r4.app.link\/PacklogBern2025\" target=\"_blank\">\n\t\t\t\t\t\t<span class=\"elementor-button-content-wrapper\">\n\t\t\t\t\t\t<span class=\"elementor-button-icon\">\n\t\t\t\t<i aria-hidden=\"true\" class=\"fas fa-arrow-right\"><\/i>\t\t\t<\/span>\n\t\t\t\t\t\t\t\t\t<span class=\"elementor-button-text\">App Download<\/span>\n\t\t\t\t\t<\/span>\n\t\t\t\t\t<\/a>\n\t\t\t\t<\/div>\n\t\t\t\t\t\t\t\t<\/div>\n\t\t\t\t<\/div>\n\t\t\t\t\t<\/div>\n\t\t<\/div>\n\t\t\t\t\t<\/div>\n\t\t<\/section>\n\t\t\t\t<section class=\"elementor-section elementor-top-section elementor-element elementor-element-28e1ef48 elementor-section-boxed elementor-section-height-default elementor-section-height-default\" data-id=\"28e1ef48\" data-element_type=\"section\">\n\t\t\t\t\t\t<div class=\"elementor-container elementor-column-gap-default\">\n\t\t\t\t\t<div class=\"elementor-column elementor-col-100 elementor-top-column elementor-element elementor-element-afcede4\" data-id=\"afcede4\" data-element_type=\"column\">\n\t\t\t<div class=\"elementor-widget-wrap elementor-element-populated\">\n\t\t\t\t\t\t<div class=\"elementor-element elementor-element-21c2ce13 elementor-widget elementor-widget-heading\" data-id=\"21c2ce13\" data-element_type=\"widget\" data-widget_type=\"heading.default\">\n\t\t\t\t<div class=\"elementor-widget-container\">\n\t\t\t\t\t<h2 class=\"elementor-heading-title elementor-size-default\">Auf einen Blick<\/h2>\t\t\t\t<\/div>\n\t\t\t\t<\/div>\n\t\t\t\t<div class=\"elementor-element elementor-element-5e77c564 elementor-widget elementor-widget-heading\" data-id=\"5e77c564\" data-element_type=\"widget\" data-widget_type=\"heading.default\">\n\t\t\t\t<div class=\"elementor-widget-container\">\n\t\t\t\t\t<h2 class=\"elementor-heading-title elementor-size-default\">Ihre Vorteile mit der Messe App<\/h2>\t\t\t\t<\/div>\n\t\t\t\t<\/div>\n\t\t\t\t\t<\/div>\n\t\t<\/div>\n\t\t\t\t\t<\/div>\n\t\t<\/section>\n\t\t\t\t<section class=\"elementor-section elementor-top-section elementor-element elementor-element-204fd195 elementor-section-boxed elementor-section-height-default elementor-section-height-default\" data-id=\"204fd195\" data-element_type=\"section\">\n\t\t\t\t\t\t<div class=\"elementor-container elementor-column-gap-default\">\n\t\t\t\t\t<div class=\"elementor-column elementor-col-50 elementor-top-column elementor-element elementor-element-128b7a9b\" data-id=\"128b7a9b\" data-element_type=\"column\">\n\t\t\t<div class=\"elementor-widget-wrap elementor-element-populated\">\n\t\t\t\t\t\t<div class=\"elementor-element elementor-element-23bf8c7b elementor-widget elementor-widget-image\" data-id=\"23bf8c7b\" data-element_type=\"widget\" data-widget_type=\"image.default\">\n\t\t\t\t<div class=\"elementor-widget-container\">\n\t\t\t\t\t\t\t\t\t\t\t\t\t\t\t<img fetchpriority=\"high\" decoding=\"async\" width=\"417\" height=\"521\" src=\"https:\/\/easyfairsassets.com\/sites\/94\/2025\/01\/logpack_app_web.jpg\" class=\"attachment-large size-large wp-image-100314\" alt=\"\" srcset=\"https:\/\/easyfairsassets.com\/sites\/94\/2025\/01\/logpack_app_web.jpg 417w, https:\/\/easyfairsassets.com\/sites\/94\/2025\/01\/logpack_app_web-240x300.jpg 240w\" sizes=\"(max-width: 417px) 100vw, 417px\" \/>\t\t\t\t\t\t\t\t\t\t\t\t\t\t\t<\/div>\n\t\t\t\t<\/div>\n\t\t\t\t\t<\/div>\n\t\t<\/div>\n\t\t\t\t<div class=\"elementor-column elementor-col-50 elementor-top-column elementor-element elementor-element-281e36b5\" data-id=\"281e36b5\" data-element_type=\"column\">\n\t\t\t<div class=\"elementor-widget-wrap elementor-element-populated\">\n\t\t\t\t\t\t<div class=\"elementor-element elementor-element-d6adb84 elementor-widget elementor-widget-spacer\" data-id=\"d6adb84\" data-element_type=\"widget\" data-widget_type=\"spacer.default\">\n\t\t\t\t<div class=\"elementor-widget-container\">\n\t\t\t\t\t\t\t<div class=\"elementor-spacer\">\n\t\t\t<div class=\"elementor-spacer-inner\"><\/div>\n\t\t<\/div>\n\t\t\t\t\t\t<\/div>\n\t\t\t\t<\/div>\n\t\t\t\t<div class=\"elementor-element elementor-element-446bc396 elementor-widget elementor-widget-toggle\" data-id=\"446bc396\" data-element_type=\"widget\" data-widget_type=\"toggle.default\">\n\t\t\t\t<div class=\"elementor-widget-container\">\n\t\t\t\t\t\t\t<div class=\"elementor-toggle\">\n\t\t\t\t\t\t\t<div class=\"elementor-toggle-item\">\n\t\t\t\t\t<div id=\"elementor-tab-title-1141\" class=\"elementor-tab-title\" data-tab=\"1\" role=\"button\" aria-controls=\"elementor-tab-content-1141\" aria-expanded=\"false\">\n\t\t\t\t\t\t\t\t\t\t\t\t<span class=\"elementor-toggle-icon elementor-toggle-icon-left\" aria-hidden=\"true\">\n\t\t\t\t\t\t\t\t\t\t\t\t\t\t\t<span class=\"elementor-toggle-icon-closed\"><i class=\"fas fa-caret-down\"><\/i><\/span>\n\t\t\t\t\t\t\t\t<span class=\"elementor-toggle-icon-opened\"><i class=\"elementor-toggle-icon-opened fas fa-caret-up\"><\/i><\/span>\n\t\t\t\t\t\t\t\t\t\t\t\t\t<\/span>\n\t\t\t\t\t\t\t\t\t\t\t\t<a class=\"elementor-toggle-title\" tabindex=\"0\">Ihr digitales Messticket:<\/a>\n\t\t\t\t\t<\/div>\n\n\t\t\t\t\t<div id=\"elementor-tab-content-1141\" class=\"elementor-tab-content elementor-clearfix\" data-tab=\"1\" role=\"region\" aria-labelledby=\"elementor-tab-title-1141\"><p>Ihr Messeticket wird direkt in der App angezeigt \u2013 kein Ausdrucken oder Vorzeigen von E-Mails erforderlich! Einfach eintreten und loslegen.<\/p><\/div>\n\t\t\t\t<\/div>\n\t\t\t\t\t\t\t<div class=\"elementor-toggle-item\">\n\t\t\t\t\t<div id=\"elementor-tab-title-1142\" class=\"elementor-tab-title\" data-tab=\"2\" role=\"button\" aria-controls=\"elementor-tab-content-1142\" aria-expanded=\"false\">\n\t\t\t\t\t\t\t\t\t\t\t\t<span class=\"elementor-toggle-icon elementor-toggle-icon-left\" aria-hidden=\"true\">\n\t\t\t\t\t\t\t\t\t\t\t\t\t\t\t<span class=\"elementor-toggle-icon-closed\"><i class=\"fas fa-caret-down\"><\/i><\/span>\n\t\t\t\t\t\t\t\t<span class=\"elementor-toggle-icon-opened\"><i class=\"elementor-toggle-icon-opened fas fa-caret-up\"><\/i><\/span>\n\t\t\t\t\t\t\t\t\t\t\t\t\t<\/span>\n\t\t\t\t\t\t\t\t\t\t\t\t<a class=\"elementor-toggle-title\" tabindex=\"0\">Ihr Online Messe-Guide:<\/a>\n\t\t\t\t\t<\/div>\n\n\t\t\t\t\t<div id=\"elementor-tab-content-1142\" class=\"elementor-tab-content elementor-clearfix\" data-tab=\"2\" role=\"region\" aria-labelledby=\"elementor-tab-title-1142\"><p>Alle wichtigen Informationen immer griffbereit: Der Hallenplan, die Ausstellerliste und die Produkte der Aussteller sind in der App zentral verf\u00fcgbar.<\/p><\/div>\n\t\t\t\t<\/div>\n\t\t\t\t\t\t\t<div class=\"elementor-toggle-item\">\n\t\t\t\t\t<div id=\"elementor-tab-title-1143\" class=\"elementor-tab-title\" data-tab=\"3\" role=\"button\" aria-controls=\"elementor-tab-content-1143\" aria-expanded=\"false\">\n\t\t\t\t\t\t\t\t\t\t\t\t<span class=\"elementor-toggle-icon elementor-toggle-icon-left\" aria-hidden=\"true\">\n\t\t\t\t\t\t\t\t\t\t\t\t\t\t\t<span class=\"elementor-toggle-icon-closed\"><i class=\"fas fa-caret-down\"><\/i><\/span>\n\t\t\t\t\t\t\t\t<span class=\"elementor-toggle-icon-opened\"><i class=\"elementor-toggle-icon-opened fas fa-caret-up\"><\/i><\/span>\n\t\t\t\t\t\t\t\t\t\t\t\t\t<\/span>\n\t\t\t\t\t\t\t\t\t\t\t\t<a class=\"elementor-toggle-title\" tabindex=\"0\">Einfaches Netzwerken:<\/a>\n\t\t\t\t\t<\/div>\n\n\t\t\t\t\t<div id=\"elementor-tab-content-1143\" class=\"elementor-tab-content elementor-clearfix\" data-tab=\"3\" role=\"region\" aria-labelledby=\"elementor-tab-title-1143\"><p>Kn\u00fcpfen Sie schon vor oder w\u00e4hrend der Messe Kontakt zu Ausstellern und planen Sie direkt ein pers\u00f6nliches Treffen.<\/p><\/div>\n\t\t\t\t<\/div>\n\t\t\t\t\t\t\t<div class=\"elementor-toggle-item\">\n\t\t\t\t\t<div id=\"elementor-tab-title-1144\" class=\"elementor-tab-title\" data-tab=\"4\" role=\"button\" aria-controls=\"elementor-tab-content-1144\" aria-expanded=\"false\">\n\t\t\t\t\t\t\t\t\t\t\t\t<span class=\"elementor-toggle-icon elementor-toggle-icon-left\" aria-hidden=\"true\">\n\t\t\t\t\t\t\t\t\t\t\t\t\t\t\t<span class=\"elementor-toggle-icon-closed\"><i class=\"fas fa-caret-down\"><\/i><\/span>\n\t\t\t\t\t\t\t\t<span class=\"elementor-toggle-icon-opened\"><i class=\"elementor-toggle-icon-opened fas fa-caret-up\"><\/i><\/span>\n\t\t\t\t\t\t\t\t\t\t\t\t\t<\/span>\n\t\t\t\t\t\t\t\t\t\t\t\t<a class=\"elementor-toggle-title\" tabindex=\"0\">Ihr pers\u00f6nlicher Kalender:<\/a>\n\t\t\t\t\t<\/div>\n\n\t\t\t\t\t<div id=\"elementor-tab-content-1144\" class=\"elementor-tab-content elementor-clearfix\" data-tab=\"4\" role=\"region\" aria-labelledby=\"elementor-tab-title-1144\"><p>Erstellen Sie Ihr individuelles Messeprogramm, indem Sie interessante Vortr\u00e4ge und Meetings in Ihrem Kalender speichern.<\/p><\/div>\n\t\t\t\t<\/div>\n\t\t\t\t\t\t\t<div class=\"elementor-toggle-item\">\n\t\t\t\t\t<div id=\"elementor-tab-title-1145\" class=\"elementor-tab-title\" data-tab=\"5\" role=\"button\" aria-controls=\"elementor-tab-content-1145\" aria-expanded=\"false\">\n\t\t\t\t\t\t\t\t\t\t\t\t<span class=\"elementor-toggle-icon elementor-toggle-icon-left\" aria-hidden=\"true\">\n\t\t\t\t\t\t\t\t\t\t\t\t\t\t\t<span class=\"elementor-toggle-icon-closed\"><i class=\"fas fa-caret-down\"><\/i><\/span>\n\t\t\t\t\t\t\t\t<span class=\"elementor-toggle-icon-opened\"><i class=\"elementor-toggle-icon-opened fas fa-caret-up\"><\/i><\/span>\n\t\t\t\t\t\t\t\t\t\t\t\t\t<\/span>\n\t\t\t\t\t\t\t\t\t\t\t\t<a class=\"elementor-toggle-title\" tabindex=\"0\">Alles an einem Ort:<\/a>\n\t\t\t\t\t<\/div>\n\n\t\t\t\t\t<div id=\"elementor-tab-content-1145\" class=\"elementor-tab-content elementor-clearfix\" data-tab=\"5\" role=\"region\" aria-labelledby=\"elementor-tab-title-1145\"><p>Die Ausstellerliste, der Hallenplan, die Produkte der Aussteller und das Rahmenprogramm sind jederzeit \u00fcbersichtlich in der App verf\u00fcgbar.<\/p><\/div>\n\t\t\t\t<\/div>\n\t\t\t\t\t\t\t<div class=\"elementor-toggle-item\">\n\t\t\t\t\t<div id=\"elementor-tab-title-1146\" class=\"elementor-tab-title\" data-tab=\"6\" role=\"button\" aria-controls=\"elementor-tab-content-1146\" aria-expanded=\"false\">\n\t\t\t\t\t\t\t\t\t\t\t\t<span class=\"elementor-toggle-icon elementor-toggle-icon-left\" aria-hidden=\"true\">\n\t\t\t\t\t\t\t\t\t\t\t\t\t\t\t<span class=\"elementor-toggle-icon-closed\"><i class=\"fas fa-caret-down\"><\/i><\/span>\n\t\t\t\t\t\t\t\t<span class=\"elementor-toggle-icon-opened\"><i class=\"elementor-toggle-icon-opened fas fa-caret-up\"><\/i><\/span>\n\t\t\t\t\t\t\t\t\t\t\t\t\t<\/span>\n\t\t\t\t\t\t\t\t\t\t\t\t<a class=\"elementor-toggle-title\" tabindex=\"0\">Personalisierte Empfehlungen:<\/a>\n\t\t\t\t\t<\/div>\n\n\t\t\t\t\t<div id=\"elementor-tab-content-1146\" class=\"elementor-tab-content elementor-clearfix\" data-tab=\"6\" role=\"region\" aria-labelledby=\"elementor-tab-title-1146\"><p>Basierend auf Ihren Interessen und beruflichen Bed\u00fcrfnissen erhalten Sie ma\u00dfgeschneiderte Vorschl\u00e4ge f\u00fcr Aussteller, Produkte, Vortr\u00e4ge und sogar andere Besucher.<\/p><\/div>\n\t\t\t\t<\/div>\n\t\t\t\t\t\t\t<div class=\"elementor-toggle-item\">\n\t\t\t\t\t<div id=\"elementor-tab-title-1147\" class=\"elementor-tab-title\" data-tab=\"7\" role=\"button\" aria-controls=\"elementor-tab-content-1147\" aria-expanded=\"false\">\n\t\t\t\t\t\t\t\t\t\t\t\t<span class=\"elementor-toggle-icon elementor-toggle-icon-left\" aria-hidden=\"true\">\n\t\t\t\t\t\t\t\t\t\t\t\t\t\t\t<span class=\"elementor-toggle-icon-closed\"><i class=\"fas fa-caret-down\"><\/i><\/span>\n\t\t\t\t\t\t\t\t<span class=\"elementor-toggle-icon-opened\"><i class=\"elementor-toggle-icon-opened fas fa-caret-up\"><\/i><\/span>\n\t\t\t\t\t\t\t\t\t\t\t\t\t<\/span>\n\t\t\t\t\t\t\t\t\t\t\t\t<a class=\"elementor-toggle-title\" tabindex=\"0\">Echtzeit-Updates:<\/a>\n\t\t\t\t\t<\/div>\n\n\t\t\t\t\t<div id=\"elementor-tab-content-1147\" class=\"elementor-tab-content elementor-clearfix\" data-tab=\"7\" role=\"region\" aria-labelledby=\"elementor-tab-title-1147\"><p>Bleiben Sie immer auf dem neuesten Stand mit aktuellen Ereignisbenachrichtigungen und Echtzeit-Updates w\u00e4hrend der gesamten Veranstaltung.<\/p><\/div>\n\t\t\t\t<\/div>\n\t\t\t\t\t\t\t\t<\/div>\n\t\t\t\t\t\t<\/div>\n\t\t\t\t<\/div>\n\t\t\t\t\t<\/div>\n\t\t<\/div>\n\t\t\t\t\t<\/div>\n\t\t<\/section>\n\t\t\t\t<section class=\"elementor-section elementor-top-section elementor-element elementor-element-556fb2b3 elementor-section-boxed elementor-section-height-default elementor-section-height-default\" data-id=\"556fb2b3\" data-element_type=\"section\" data-settings=\"{&quot;background_background&quot;:&quot;classic&quot;}\">\n\t\t\t\t\t\t\t<div class=\"elementor-background-overlay\"><\/div>\n\t\t\t\t\t\t\t<div class=\"elementor-container elementor-column-gap-default\">\n\t\t\t\t\t<div class=\"elementor-column elementor-col-66 elementor-top-column elementor-element elementor-element-4ba201b1\" data-id=\"4ba201b1\" data-element_type=\"column\">\n\t\t\t<div class=\"elementor-widget-wrap elementor-element-populated\">\n\t\t\t\t\t\t<div class=\"elementor-element elementor-element-65f8f656 elementor-widget elementor-widget-heading\" data-id=\"65f8f656\" data-element_type=\"widget\" data-widget_type=\"heading.default\">\n\t\t\t\t<div class=\"elementor-widget-container\">\n\t\t\t\t\t<h2 class=\"elementor-heading-title elementor-size-default\">So funktioniert die App<\/h2>\t\t\t\t<\/div>\n\t\t\t\t<\/div>\n\t\t\t\t<div class=\"elementor-element elementor-element-4ac09b43 elementor-widget elementor-widget-text-editor\" data-id=\"4ac09b43\" data-element_type=\"widget\" data-widget_type=\"text-editor.default\">\n\t\t\t\t<div class=\"elementor-widget-container\">\n\t\t\t\t\t\t\t\t\t<p><strong>1. Registrieren Sie sich f\u00fcr die Messe:<\/strong> Sichern Sie sich Ihren Messeeintritt <span style=\"color: #fb6600;\"><span style=\"text-decoration: underline;\"><strong><a style=\"color: #fb6600; text-decoration: underline;\" href=\"https:\/\/www.logistics-automation.ch\/de\/messetickets\/\" target=\"_blank\" rel=\"noopener\">hier<\/a><\/strong><\/span>.<\/span> Nach der Registrierung erhalten Sie eine E-Mail, mit der Sie Ihr Konto in der App erstellen k\u00f6nnen.\u00a0<\/p><p><strong>2. Laden Sie die App herunter:<\/strong> Holen Sie sich die App ganz einfach auf Ihr Smartphone, indem Sie den <span style=\"text-decoration: underline;\"><strong><a style=\"color: #92bf4c; text-decoration: underline;\" href=\"https:\/\/fk0r4.app.link\/PacklogBern2025\" target=\"_blank\" rel=\"noopener\"><span style=\"color: #fb6600; text-decoration: underline;\">Download-Link<\/span><\/a><\/strong><\/span> nutzen oder den QR-Code nebenstehend scannen. Alternativ k\u00f6nnen Sie auch die Web-App auf Ihrem Desktop verwenden.<\/p><p><strong>3. Richten Sie Ihr Profil ein:<\/strong> Geben Sie uns Einblick in Ihre Interessen, Ihre Unternehmensbranche und was Sie auf der Messe suchen \u2013 so k\u00f6nnen wir Ihnen passende Empfehlungen bieten.<\/p><p><strong>4. Starten Sie das Netzwerken:<\/strong> Entdecken Sie personalisierte Vorschl\u00e4ge, kn\u00fcpfen Sie Kontakte zu anderen Fachleuten und planen Sie direkt Meetings mit Ausstellern und Besuchern.<\/p><p><strong>5. Maximieren Sie Ihr Messeerlebnis: <\/strong>Nutzen Sie Ihren pers\u00f6nlichen Zeitplan, um gezielt neue Kontakte zu kn\u00fcpfen und wertvolle Insights zu gewinnen.<\/p><p><strong>Starten Sie jetzt und machen Sie das Beste aus Ihrem Messebesuch!<\/strong><\/p>\t\t\t\t\t\t\t\t<\/div>\n\t\t\t\t<\/div>\n\t\t\t\t\t<\/div>\n\t\t<\/div>\n\t\t\t\t<div class=\"elementor-column elementor-col-33 elementor-top-column elementor-element elementor-element-49ebbb81\" data-id=\"49ebbb81\" data-element_type=\"column\">\n\t\t\t<div class=\"elementor-widget-wrap elementor-element-populated\">\n\t\t\t\t\t\t<div class=\"elementor-element elementor-element-622209b0 elementor-widget elementor-widget-image\" data-id=\"622209b0\" data-element_type=\"widget\" data-widget_type=\"image.default\">\n\t\t\t\t<div class=\"elementor-widget-container\">\n\t\t\t\t\t\t\t\t\t\t\t\t\t\t\t<img decoding=\"async\" width=\"300\" height=\"300\" src=\"https:\/\/easyfairsassets.com\/sites\/94\/2026\/01\/PACKLOG_APP_2026-300x300.png\" class=\"attachment-medium size-medium wp-image-124678\" alt=\"Easyfairs Schweiz Messe App PACKLOG\" srcset=\"https:\/\/easyfairsassets.com\/sites\/94\/2026\/01\/PACKLOG_APP_2026-300x300.png 300w, https:\/\/easyfairsassets.com\/sites\/94\/2026\/01\/PACKLOG_APP_2026-1024x1024.png 1024w, https:\/\/easyfairsassets.com\/sites\/94\/2026\/01\/PACKLOG_APP_2026-150x150.png 150w, https:\/\/easyfairsassets.com\/sites\/94\/2026\/01\/PACKLOG_APP_2026-768x768.png 768w, https:\/\/easyfairsassets.com\/sites\/94\/2026\/01\/PACKLOG_APP_2026-1536x1536.png 1536w, https:\/\/easyfairsassets.com\/sites\/94\/2026\/01\/PACKLOG_APP_2026.png 1776w\" sizes=\"(max-width: 300px) 100vw, 300px\" \/>\t\t\t\t\t\t\t\t\t\t\t\t\t\t\t<\/div>\n\t\t\t\t<\/div>\n\t\t\t\t\t<\/div>\n\t\t<\/div>\n\t\t\t\t\t<\/div>\n\t\t<\/section>\n\t\t\t\t<section class=\"elementor-section elementor-top-section elementor-element elementor-element-607bf979 elementor-section-boxed elementor-section-height-default elementor-section-height-default\" data-id=\"607bf979\" data-element_type=\"section\">\n\t\t\t\t\t\t<div class=\"elementor-container elementor-column-gap-default\">\n\t\t\t\t\t<div class=\"elementor-column elementor-col-50 elementor-top-column elementor-element elementor-element-701cfc1a\" data-id=\"701cfc1a\" data-element_type=\"column\">\n\t\t\t<div class=\"elementor-widget-wrap elementor-element-populated\">\n\t\t\t\t\t\t<div class=\"elementor-element elementor-element-481b3d40 elementor-widget elementor-widget-image\" data-id=\"481b3d40\" data-element_type=\"widget\" data-widget_type=\"image.default\">\n\t\t\t\t<div class=\"elementor-widget-container\">\n\t\t\t\t\t\t\t\t\t\t\t\t\t\t\t\t<a href=\"https:\/\/apps.apple.com\/ai\/app\/easyfairs-schweiz\/id6747433191\" target=\"_blank\">\n\t\t\t\t\t\t\t<img decoding=\"async\" width=\"300\" height=\"104\" src=\"https:\/\/easyfairsassets.com\/sites\/94\/2025\/01\/Download-on-the-App-Store-button-300x104.png\" class=\"attachment-medium size-medium wp-image-100320\" alt=\"\" srcset=\"https:\/\/easyfairsassets.com\/sites\/94\/2025\/01\/Download-on-the-App-Store-button-300x104.png 300w, https:\/\/easyfairsassets.com\/sites\/94\/2025\/01\/Download-on-the-App-Store-button-1024x355.png 1024w, https:\/\/easyfairsassets.com\/sites\/94\/2025\/01\/Download-on-the-App-Store-button-768x266.png 768w, https:\/\/easyfairsassets.com\/sites\/94\/2025\/01\/Download-on-the-App-Store-button-1536x533.png 1536w, https:\/\/easyfairsassets.com\/sites\/94\/2025\/01\/Download-on-the-App-Store-button.png 1920w\" sizes=\"(max-width: 300px) 100vw, 300px\" \/>\t\t\t\t\t\t\t\t<\/a>\n\t\t\t\t\t\t\t\t\t\t\t\t\t\t\t<\/div>\n\t\t\t\t<\/div>\n\t\t\t\t\t<\/div>\n\t\t<\/div>\n\t\t\t\t<div class=\"elementor-column elementor-col-50 elementor-top-column elementor-element elementor-element-31419602\" data-id=\"31419602\" data-element_type=\"column\">\n\t\t\t<div class=\"elementor-widget-wrap elementor-element-populated\">\n\t\t\t\t\t\t<div class=\"elementor-element elementor-element-1ef23173 elementor-widget elementor-widget-image\" data-id=\"1ef23173\" data-element_type=\"widget\" data-widget_type=\"image.default\">\n\t\t\t\t<div class=\"elementor-widget-container\">\n\t\t\t\t\t\t\t\t\t\t\t\t\t\t\t\t<a href=\"https:\/\/play.google.com\/store\/apps\/details?id=events.grip.efschweiz1117&#038;pcampaignid=web_share\" target=\"_blank\">\n\t\t\t\t\t\t\t<img loading=\"lazy\" decoding=\"async\" width=\"300\" height=\"104\" src=\"https:\/\/easyfairsassets.com\/sites\/94\/2025\/01\/Get_it_on_Google_play-300x104.png\" class=\"attachment-medium size-medium wp-image-100323\" alt=\"\" srcset=\"https:\/\/easyfairsassets.com\/sites\/94\/2025\/01\/Get_it_on_Google_play-300x104.png 300w, https:\/\/easyfairsassets.com\/sites\/94\/2025\/01\/Get_it_on_Google_play-1024x355.png 1024w, https:\/\/easyfairsassets.com\/sites\/94\/2025\/01\/Get_it_on_Google_play-768x266.png 768w, https:\/\/easyfairsassets.com\/sites\/94\/2025\/01\/Get_it_on_Google_play-1536x533.png 1536w, https:\/\/easyfairsassets.com\/sites\/94\/2025\/01\/Get_it_on_Google_play.png 1920w\" sizes=\"(max-width: 300px) 100vw, 300px\" \/>\t\t\t\t\t\t\t\t<\/a>\n\t\t\t\t\t\t\t\t\t\t\t\t\t\t\t<\/div>\n\t\t\t\t<\/div>\n\t\t\t\t\t<\/div>\n\t\t<\/div>\n\t\t\t\t\t<\/div>\n\t\t<\/section>\n\t\t\t\t<\/div>\n\t\t","protected":false},"excerpt":{"rendered":"<p>Erleben Sie mit unserer innovativen Messe App ein optimiertes Besuchserlebnis! Vom Matchmaking bis zur Nachbereitung begleitet Sie die App als pers\u00f6nlicher Assistent und hilft Ihnen, Ihre Messe optimal zu gestalten.<\/p>\n","protected":false},"author":1430,"featured_media":0,"parent":0,"menu_order":0,"comment_status":"closed","ping_status":"closed","template":"","meta":{"_seopress_robots_primary_cat":"","_seopress_titles_title":"Besucher Messe App","_seopress_titles_desc":"Erleben Sie mit unserer Messe App ein optimiertes Messeerlebnis! Die App begleitet Sie als pers\u00f6nlicher Assistent und vernetzt Sie mit Ausstellern und Experten.","_seopress_robots_index":"","footnotes":""},"class_list":["post-100385","page","type-page","status-publish","hentry"],"_links":{"self":[{"href":"https:\/\/www.logistics-automation.ch\/de\/wp-json\/wp\/v2\/pages\/100385","targetHints":{"allow":["GET"]}}],"collection":[{"href":"https:\/\/www.logistics-automation.ch\/de\/wp-json\/wp\/v2\/pages"}],"about":[{"href":"https:\/\/www.logistics-automation.ch\/de\/wp-json\/wp\/v2\/types\/page"}],"author":[{"embeddable":true,"href":"https:\/\/www.logistics-automation.ch\/de\/wp-json\/wp\/v2\/users\/1430"}],"replies":[{"embeddable":true,"href":"https:\/\/www.logistics-automation.ch\/de\/wp-json\/wp\/v2\/comments?post=100385"}],"version-history":[{"count":5,"href":"https:\/\/www.logistics-automation.ch\/de\/wp-json\/wp\/v2\/pages\/100385\/revisions"}],"predecessor-version":[{"id":124708,"href":"https:\/\/www.logistics-automation.ch\/de\/wp-json\/wp\/v2\/pages\/100385\/revisions\/124708"}],"wp:attachment":[{"href":"https:\/\/www.logistics-automation.ch\/de\/wp-json\/wp\/v2\/media?parent=100385"}],"curies":[{"name":"wp","href":"https:\/\/api.w.org\/{rel}","templated":true}]}}