{"id":104661,"date":"2025-03-11T10:52:45","date_gmt":"2025-03-11T09:52:45","guid":{"rendered":"https:\/\/www.logistics-automation.ch\/exposants-foire-app\/"},"modified":"2026-01-07T12:19:08","modified_gmt":"2026-01-07T11:19:08","slug":"exposants-foire-app","status":"publish","type":"page","link":"https:\/\/www.logistics-automation.ch\/fr\/exposants-foire-app\/","title":{"rendered":"Exposants Foire App"},"content":{"rendered":"\t\t<div data-elementor-type=\"wp-page\" data-elementor-id=\"104661\" class=\"elementor elementor-104661 elementor-100394\" data-elementor-post-type=\"page\">\n\t\t\t\t\t\t<section class=\"elementor-section elementor-top-section elementor-element elementor-element-fbc7f90 elementor-section-content-middle elementor-section-full_width elementor-section-height-default elementor-section-height-default\" data-id=\"fbc7f90\" data-element_type=\"section\" data-settings=\"{&quot;background_background&quot;:&quot;classic&quot;}\">\n\t\t\t\t\t\t<div class=\"elementor-container elementor-column-gap-no\">\n\t\t\t\t\t<div class=\"elementor-column elementor-col-50 elementor-top-column elementor-element elementor-element-746c0635\" data-id=\"746c0635\" data-element_type=\"column\" data-settings=\"{&quot;background_background&quot;:&quot;classic&quot;}\">\n\t\t\t<div class=\"elementor-widget-wrap elementor-element-populated\">\n\t\t\t\t\t\t<div class=\"elementor-element elementor-element-28f17bd3 elementor-widget elementor-widget-spacer\" data-id=\"28f17bd3\" data-element_type=\"widget\" data-widget_type=\"spacer.default\">\n\t\t\t\t<div class=\"elementor-widget-container\">\n\t\t\t\t\t\t\t<div class=\"elementor-spacer\">\n\t\t\t<div class=\"elementor-spacer-inner\"><\/div>\n\t\t<\/div>\n\t\t\t\t\t\t<\/div>\n\t\t\t\t<\/div>\n\t\t\t\t\t<\/div>\n\t\t<\/div>\n\t\t\t\t<div class=\"elementor-column elementor-col-50 elementor-top-column elementor-element elementor-element-3b9b8158\" data-id=\"3b9b8158\" data-element_type=\"column\" data-settings=\"{&quot;background_background&quot;:&quot;classic&quot;}\">\n\t\t\t<div class=\"elementor-widget-wrap elementor-element-populated\">\n\t\t\t\t\t\t<div class=\"elementor-element elementor-element-656d1457 elementor-widget elementor-widget-heading\" data-id=\"656d1457\" data-element_type=\"widget\" data-widget_type=\"heading.default\">\n\t\t\t\t<div class=\"elementor-widget-container\">\n\t\t\t\t\t<h5 class=\"elementor-heading-title elementor-size-default\">Votre pr\u00e9sence sur le salon<\/h5>\t\t\t\t<\/div>\n\t\t\t\t<\/div>\n\t\t\t\t<div class=\"elementor-element elementor-element-51dce8c0 elementor-widget elementor-widget-heading\" data-id=\"51dce8c0\" data-element_type=\"widget\" data-widget_type=\"heading.default\">\n\t\t\t\t<div class=\"elementor-widget-container\">\n\t\t\t\t\t<h2 class=\"elementor-heading-title elementor-size-default\">Les visiteurs app Easyfairs Schweiz<\/h2>\t\t\t\t<\/div>\n\t\t\t\t<\/div>\n\t\t\t\t<div class=\"elementor-element elementor-element-74834476 elementor-widget elementor-widget-text-editor\" data-id=\"74834476\" data-element_type=\"widget\" data-widget_type=\"text-editor.default\">\n\t\t\t\t<div class=\"elementor-widget-container\">\n\t\t\t\t\t\t\t\t\t<p>Nous sommes heureux de vous pr\u00e9senter notre Easyfairs Schweiz application pour les salons et ses nombreuses fonctionnalit\u00e9s qui augmenteront votre visibilit\u00e9 avant, pendant et apr\u00e8s le salon.<\/p>\n<p>Plus qu&rsquo;un simple outil de planification, cette application vous permet d&rsquo;entrer en contact avec vos clients, vos prospects et vos partenaires potentiels \u00e0 tout moment.<\/p>\n\t\t\t\t\t\t\t\t<\/div>\n\t\t\t\t<\/div>\n\t\t\t\t<div class=\"elementor-element elementor-element-79ca29ac elementor-widget elementor-widget-button\" data-id=\"79ca29ac\" data-element_type=\"widget\" data-widget_type=\"button.default\">\n\t\t\t\t<div class=\"elementor-widget-container\">\n\t\t\t\t\t\t\t\t\t<div class=\"elementor-button-wrapper\">\n\t\t\t\t\t<a class=\"elementor-button elementor-button-link elementor-size-sm\" href=\"https:\/\/fk0r4.app.link\/PacklogBern2025\" target=\"_blank\">\n\t\t\t\t\t\t<span class=\"elementor-button-content-wrapper\">\n\t\t\t\t\t\t<span class=\"elementor-button-icon\">\n\t\t\t\t<i aria-hidden=\"true\" class=\"fas fa-arrow-right\"><\/i>\t\t\t<\/span>\n\t\t\t\t\t\t\t\t\t<span class=\"elementor-button-text\">T\u00e9l\u00e9charger l'application<\/span>\n\t\t\t\t\t<\/span>\n\t\t\t\t\t<\/a>\n\t\t\t\t<\/div>\n\t\t\t\t\t\t\t\t<\/div>\n\t\t\t\t<\/div>\n\t\t\t\t\t<\/div>\n\t\t<\/div>\n\t\t\t\t\t<\/div>\n\t\t<\/section>\n\t\t\t\t<section class=\"elementor-section elementor-top-section elementor-element elementor-element-225e4893 elementor-section-boxed elementor-section-height-default elementor-section-height-default\" data-id=\"225e4893\" data-element_type=\"section\">\n\t\t\t\t\t\t<div class=\"elementor-container elementor-column-gap-default\">\n\t\t\t\t\t<div class=\"elementor-column elementor-col-100 elementor-top-column elementor-element elementor-element-222220fb\" data-id=\"222220fb\" data-element_type=\"column\">\n\t\t\t<div class=\"elementor-widget-wrap elementor-element-populated\">\n\t\t\t\t\t\t<div class=\"elementor-element elementor-element-4804cacd elementor-widget elementor-widget-heading\" data-id=\"4804cacd\" data-element_type=\"widget\" data-widget_type=\"heading.default\">\n\t\t\t\t<div class=\"elementor-widget-container\">\n\t\t\t\t\t<h2 class=\"elementor-heading-title elementor-size-default\">En un coup d'\u0153il<\/h2>\t\t\t\t<\/div>\n\t\t\t\t<\/div>\n\t\t\t\t<div class=\"elementor-element elementor-element-cbf5c36 elementor-widget elementor-widget-heading\" data-id=\"cbf5c36\" data-element_type=\"widget\" data-widget_type=\"heading.default\">\n\t\t\t\t<div class=\"elementor-widget-container\">\n\t\t\t\t\t<h2 class=\"elementor-heading-title elementor-size-default\">Vos avantages avec l'appli salon<\/h2>\t\t\t\t<\/div>\n\t\t\t\t<\/div>\n\t\t\t\t\t<\/div>\n\t\t<\/div>\n\t\t\t\t\t<\/div>\n\t\t<\/section>\n\t\t\t\t<section class=\"elementor-section elementor-top-section elementor-element elementor-element-5c66272c elementor-section-boxed elementor-section-height-default elementor-section-height-default\" data-id=\"5c66272c\" data-element_type=\"section\">\n\t\t\t\t\t\t<div class=\"elementor-container elementor-column-gap-default\">\n\t\t\t\t\t<div class=\"elementor-column elementor-col-50 elementor-top-column elementor-element elementor-element-63cad1fc\" data-id=\"63cad1fc\" data-element_type=\"column\">\n\t\t\t<div class=\"elementor-widget-wrap elementor-element-populated\">\n\t\t\t\t\t\t<div class=\"elementor-element elementor-element-146ab454 elementor-widget elementor-widget-image\" data-id=\"146ab454\" data-element_type=\"widget\" data-widget_type=\"image.default\">\n\t\t\t\t<div class=\"elementor-widget-container\">\n\t\t\t\t\t\t\t\t\t\t\t\t\t\t\t<img fetchpriority=\"high\" decoding=\"async\" width=\"417\" height=\"521\" src=\"https:\/\/easyfairsassets.com\/sites\/94\/2025\/01\/logpack_app_web.jpg\" class=\"attachment-large size-large wp-image-100316\" alt=\"\" srcset=\"https:\/\/easyfairsassets.com\/sites\/94\/2025\/01\/logpack_app_web.jpg 417w, https:\/\/easyfairsassets.com\/sites\/94\/2025\/01\/logpack_app_web-240x300.jpg 240w\" sizes=\"(max-width: 417px) 100vw, 417px\" \/>\t\t\t\t\t\t\t\t\t\t\t\t\t\t\t<\/div>\n\t\t\t\t<\/div>\n\t\t\t\t\t<\/div>\n\t\t<\/div>\n\t\t\t\t<div class=\"elementor-column elementor-col-50 elementor-top-column elementor-element elementor-element-31eb467a\" data-id=\"31eb467a\" data-element_type=\"column\">\n\t\t\t<div class=\"elementor-widget-wrap elementor-element-populated\">\n\t\t\t\t\t\t<div class=\"elementor-element elementor-element-793bc35 elementor-widget elementor-widget-spacer\" data-id=\"793bc35\" data-element_type=\"widget\" data-widget_type=\"spacer.default\">\n\t\t\t\t<div class=\"elementor-widget-container\">\n\t\t\t\t\t\t\t<div class=\"elementor-spacer\">\n\t\t\t<div class=\"elementor-spacer-inner\"><\/div>\n\t\t<\/div>\n\t\t\t\t\t\t<\/div>\n\t\t\t\t<\/div>\n\t\t\t\t<div class=\"elementor-element elementor-element-7b5d3ebf elementor-widget elementor-widget-toggle\" data-id=\"7b5d3ebf\" data-element_type=\"widget\" data-widget_type=\"toggle.default\">\n\t\t\t\t<div class=\"elementor-widget-container\">\n\t\t\t\t\t\t\t<div class=\"elementor-toggle\">\n\t\t\t\t\t\t\t<div class=\"elementor-toggle-item\">\n\t\t\t\t\t<div id=\"elementor-tab-title-2061\" class=\"elementor-tab-title\" data-tab=\"1\" role=\"button\" aria-controls=\"elementor-tab-content-2061\" aria-expanded=\"false\">\n\t\t\t\t\t\t\t\t\t\t\t\t<span class=\"elementor-toggle-icon elementor-toggle-icon-left\" aria-hidden=\"true\">\n\t\t\t\t\t\t\t\t\t\t\t\t\t\t\t<span class=\"elementor-toggle-icon-closed\"><i class=\"fas fa-caret-down\"><\/i><\/span>\n\t\t\t\t\t\t\t\t<span class=\"elementor-toggle-icon-opened\"><i class=\"elementor-toggle-icon-opened fas fa-caret-up\"><\/i><\/span>\n\t\t\t\t\t\t\t\t\t\t\t\t\t<\/span>\n\t\t\t\t\t\t\t\t\t\t\t\t<a class=\"elementor-toggle-title\" tabindex=\"0\">Votre guide en ligne du salon :<\/a>\n\t\t\t\t\t<\/div>\n\n\t\t\t\t\t<div id=\"elementor-tab-content-2061\" class=\"elementor-tab-content elementor-clearfix\" data-tab=\"1\" role=\"region\" aria-labelledby=\"elementor-tab-title-2061\"><p>Toutes les informations importantes \u00e0 port\u00e9e de main : Le plan des halls, la liste des exposants et leurs produits sont disponibles de mani\u00e8re centralis\u00e9e dans l&rsquo;application.<\/p>\n<\/div>\n\t\t\t\t<\/div>\n\t\t\t\t\t\t\t<div class=\"elementor-toggle-item\">\n\t\t\t\t\t<div id=\"elementor-tab-title-2062\" class=\"elementor-tab-title\" data-tab=\"2\" role=\"button\" aria-controls=\"elementor-tab-content-2062\" aria-expanded=\"false\">\n\t\t\t\t\t\t\t\t\t\t\t\t<span class=\"elementor-toggle-icon elementor-toggle-icon-left\" aria-hidden=\"true\">\n\t\t\t\t\t\t\t\t\t\t\t\t\t\t\t<span class=\"elementor-toggle-icon-closed\"><i class=\"fas fa-caret-down\"><\/i><\/span>\n\t\t\t\t\t\t\t\t<span class=\"elementor-toggle-icon-opened\"><i class=\"elementor-toggle-icon-opened fas fa-caret-up\"><\/i><\/span>\n\t\t\t\t\t\t\t\t\t\t\t\t\t<\/span>\n\t\t\t\t\t\t\t\t\t\t\t\t<a class=\"elementor-toggle-title\" tabindex=\"0\">Planification efficace des d\u00e9lais :<\/a>\n\t\t\t\t\t<\/div>\n\n\t\t\t\t\t<div id=\"elementor-tab-content-2062\" class=\"elementor-tab-content elementor-clearfix\" data-tab=\"2\" role=\"region\" aria-labelledby=\"elementor-tab-title-2062\"><p>Planification efficace des rendez-vous : l&rsquo;application vous aide, vous et votre \u00e9quipe, \u00e0 communiquer et \u00e0 planifier vos rendez-vous.<\/p>\n<\/div>\n\t\t\t\t<\/div>\n\t\t\t\t\t\t\t<div class=\"elementor-toggle-item\">\n\t\t\t\t\t<div id=\"elementor-tab-title-2063\" class=\"elementor-tab-title\" data-tab=\"3\" role=\"button\" aria-controls=\"elementor-tab-content-2063\" aria-expanded=\"false\">\n\t\t\t\t\t\t\t\t\t\t\t\t<span class=\"elementor-toggle-icon elementor-toggle-icon-left\" aria-hidden=\"true\">\n\t\t\t\t\t\t\t\t\t\t\t\t\t\t\t<span class=\"elementor-toggle-icon-closed\"><i class=\"fas fa-caret-down\"><\/i><\/span>\n\t\t\t\t\t\t\t\t<span class=\"elementor-toggle-icon-opened\"><i class=\"elementor-toggle-icon-opened fas fa-caret-up\"><\/i><\/span>\n\t\t\t\t\t\t\t\t\t\t\t\t\t<\/span>\n\t\t\t\t\t\t\t\t\t\t\t\t<a class=\"elementor-toggle-title\" tabindex=\"0\">Exp\u00e9rience personnalis\u00e9e :<\/a>\n\t\t\t\t\t<\/div>\n\n\t\t\t\t\t<div id=\"elementor-tab-content-2063\" class=\"elementor-tab-content elementor-clearfix\" data-tab=\"3\" role=\"region\" aria-labelledby=\"elementor-tab-title-2063\"><p>Utilisez les propositions sur mesure pour adapter votre participation au salon \u00e0 vos objectifs individuels.commuter<\/p>\n<\/div>\n\t\t\t\t<\/div>\n\t\t\t\t\t\t\t<div class=\"elementor-toggle-item\">\n\t\t\t\t\t<div id=\"elementor-tab-title-2064\" class=\"elementor-tab-title\" data-tab=\"4\" role=\"button\" aria-controls=\"elementor-tab-content-2064\" aria-expanded=\"false\">\n\t\t\t\t\t\t\t\t\t\t\t\t<span class=\"elementor-toggle-icon elementor-toggle-icon-left\" aria-hidden=\"true\">\n\t\t\t\t\t\t\t\t\t\t\t\t\t\t\t<span class=\"elementor-toggle-icon-closed\"><i class=\"fas fa-caret-down\"><\/i><\/span>\n\t\t\t\t\t\t\t\t<span class=\"elementor-toggle-icon-opened\"><i class=\"elementor-toggle-icon-opened fas fa-caret-up\"><\/i><\/span>\n\t\t\t\t\t\t\t\t\t\t\t\t\t<\/span>\n\t\t\t\t\t\t\t\t\t\t\t\t<a class=\"elementor-toggle-title\" tabindex=\"0\">Mises \u00e0 jour en temps r\u00e9el :<\/a>\n\t\t\t\t\t<\/div>\n\n\t\t\t\t\t<div id=\"elementor-tab-content-2064\" class=\"elementor-tab-content elementor-clearfix\" data-tab=\"4\" role=\"region\" aria-labelledby=\"elementor-tab-title-2064\"><p>Soyez toujours au courant des derni\u00e8res nouvelles gr\u00e2ce aux notifications d&rsquo;\u00e9v\u00e9nements et aux mises \u00e0 jour en temps r\u00e9el tout au long de l&rsquo;\u00e9v\u00e9nement.<\/p>\n<\/div>\n\t\t\t\t<\/div>\n\t\t\t\t\t\t\t\t<\/div>\n\t\t\t\t\t\t<\/div>\n\t\t\t\t<\/div>\n\t\t\t\t\t<\/div>\n\t\t<\/div>\n\t\t\t\t\t<\/div>\n\t\t<\/section>\n\t\t\t\t<section class=\"elementor-section elementor-top-section elementor-element elementor-element-4a9b7934 elementor-section-boxed elementor-section-height-default elementor-section-height-default\" data-id=\"4a9b7934\" data-element_type=\"section\" data-settings=\"{&quot;background_background&quot;:&quot;classic&quot;}\">\n\t\t\t\t\t\t\t<div class=\"elementor-background-overlay\"><\/div>\n\t\t\t\t\t\t\t<div class=\"elementor-container elementor-column-gap-default\">\n\t\t\t\t\t<div class=\"elementor-column elementor-col-66 elementor-top-column elementor-element elementor-element-2def48a1\" data-id=\"2def48a1\" data-element_type=\"column\">\n\t\t\t<div class=\"elementor-widget-wrap elementor-element-populated\">\n\t\t\t\t\t\t<div class=\"elementor-element elementor-element-3ef6309 elementor-widget elementor-widget-heading\" data-id=\"3ef6309\" data-element_type=\"widget\" data-widget_type=\"heading.default\">\n\t\t\t\t<div class=\"elementor-widget-container\">\n\t\t\t\t\t<h2 class=\"elementor-heading-title elementor-size-default\">Voici comment fonctionne l'application<\/h2>\t\t\t\t<\/div>\n\t\t\t\t<\/div>\n\t\t\t\t<div class=\"elementor-element elementor-element-7d27bf2b elementor-widget elementor-widget-text-editor\" data-id=\"7d27bf2b\" data-element_type=\"widget\" data-widget_type=\"text-editor.default\">\n\t\t\t\t<div class=\"elementor-widget-container\">\n\t\t\t\t\t\t\t\t\t<ol>\n<li>Activer le compte : Apr\u00e8s l&rsquo;activation de l&rsquo;application, vous recevrez automatiquement un e-mail vous permettant de cr\u00e9er votre compte dans l&rsquo;application.<\/li>\n<li>Enregistrer le personnel de votre stand : vous pouvez ensuite \u00e9galement enregistrer vos coll\u00e8gues qui seront sur place.<br \/>\nLa fonction \u00ab Mon \u00e9quipe \u00bb vous permet de g\u00e9rer votre \u00e9quipe. Remarque : la fonction \u00ab Mon \u00e9quipe \u00bb n&rsquo;est accessible que via la version de bureau.<\/li>\n<li>Configurez votre profil : parlez-nous de vos int\u00e9r\u00eats, de l&rsquo;activit\u00e9 de votre entreprise et de ce que vous recherchez pendant l&rsquo;\u00e9v\u00e9nement.<\/li>\n<li>Commencez \u00e0 rencontrer des gens : D\u00e9couvrez des recommandations, \u00e9tablissez des contacts avec d&rsquo;autres professionnels et planifiez quelques rencontres lors de l&rsquo;\u00e9v\u00e9nement.<\/li>\n<li>T\u00e9l\u00e9chargez l&rsquo;application : Scannez le code QR ci-contre avec votre smartphone pour t\u00e9l\u00e9charger l&rsquo;application.<br \/>\nLancez-vous d\u00e8s maintenant et tirez le meilleur parti de votre pr\u00e9sence au salon !<\/li>\n<\/ol>\n\t\t\t\t\t\t\t\t<\/div>\n\t\t\t\t<\/div>\n\t\t\t\t\t<\/div>\n\t\t<\/div>\n\t\t\t\t<div class=\"elementor-column elementor-col-33 elementor-top-column elementor-element elementor-element-55d78bce\" data-id=\"55d78bce\" data-element_type=\"column\">\n\t\t\t<div class=\"elementor-widget-wrap elementor-element-populated\">\n\t\t\t\t\t\t<div class=\"elementor-element elementor-element-32392cd elementor-widget elementor-widget-image\" data-id=\"32392cd\" data-element_type=\"widget\" data-widget_type=\"image.default\">\n\t\t\t\t<div class=\"elementor-widget-container\">\n\t\t\t\t\t\t\t\t\t\t\t\t\t\t\t<img decoding=\"async\" width=\"300\" height=\"300\" src=\"https:\/\/easyfairsassets.com\/sites\/94\/2026\/01\/PACKLOG_APP_2026-300x300.png\" class=\"attachment-medium size-medium wp-image-124680\" alt=\"Easyfairs Schweiz Messe App PACKLOG\" srcset=\"https:\/\/easyfairsassets.com\/sites\/94\/2026\/01\/PACKLOG_APP_2026-300x300.png 300w, https:\/\/easyfairsassets.com\/sites\/94\/2026\/01\/PACKLOG_APP_2026-1024x1024.png 1024w, https:\/\/easyfairsassets.com\/sites\/94\/2026\/01\/PACKLOG_APP_2026-150x150.png 150w, https:\/\/easyfairsassets.com\/sites\/94\/2026\/01\/PACKLOG_APP_2026-768x768.png 768w, https:\/\/easyfairsassets.com\/sites\/94\/2026\/01\/PACKLOG_APP_2026-1536x1536.png 1536w, https:\/\/easyfairsassets.com\/sites\/94\/2026\/01\/PACKLOG_APP_2026.png 1776w\" sizes=\"(max-width: 300px) 100vw, 300px\" \/>\t\t\t\t\t\t\t\t\t\t\t\t\t\t\t<\/div>\n\t\t\t\t<\/div>\n\t\t\t\t\t<\/div>\n\t\t<\/div>\n\t\t\t\t\t<\/div>\n\t\t<\/section>\n\t\t\t\t<section class=\"elementor-section elementor-top-section elementor-element elementor-element-43e10771 elementor-section-boxed elementor-section-height-default elementor-section-height-default\" data-id=\"43e10771\" data-element_type=\"section\">\n\t\t\t\t\t\t<div class=\"elementor-container elementor-column-gap-default\">\n\t\t\t\t\t<div class=\"elementor-column elementor-col-50 elementor-top-column elementor-element elementor-element-76e24d56\" data-id=\"76e24d56\" data-element_type=\"column\">\n\t\t\t<div class=\"elementor-widget-wrap elementor-element-populated\">\n\t\t\t\t\t\t<div class=\"elementor-element elementor-element-3b3279cb elementor-widget elementor-widget-image\" data-id=\"3b3279cb\" data-element_type=\"widget\" data-widget_type=\"image.default\">\n\t\t\t\t<div class=\"elementor-widget-container\">\n\t\t\t\t\t\t\t\t\t\t\t\t\t\t\t\t<a href=\"https:\/\/apps.apple.com\/ai\/app\/easyfairs-schweiz\/id6747433191\" target=\"_blank\">\n\t\t\t\t\t\t\t<img decoding=\"async\" width=\"300\" height=\"104\" src=\"https:\/\/easyfairsassets.com\/sites\/94\/2025\/01\/Download-on-the-App-Store-button-300x104.png\" class=\"attachment-medium size-medium wp-image-100322\" alt=\"\" srcset=\"https:\/\/easyfairsassets.com\/sites\/94\/2025\/01\/Download-on-the-App-Store-button-300x104.png 300w, https:\/\/easyfairsassets.com\/sites\/94\/2025\/01\/Download-on-the-App-Store-button-1024x355.png 1024w, https:\/\/easyfairsassets.com\/sites\/94\/2025\/01\/Download-on-the-App-Store-button-768x266.png 768w, https:\/\/easyfairsassets.com\/sites\/94\/2025\/01\/Download-on-the-App-Store-button-1536x533.png 1536w, https:\/\/easyfairsassets.com\/sites\/94\/2025\/01\/Download-on-the-App-Store-button.png 1920w\" sizes=\"(max-width: 300px) 100vw, 300px\" \/>\t\t\t\t\t\t\t\t<\/a>\n\t\t\t\t\t\t\t\t\t\t\t\t\t\t\t<\/div>\n\t\t\t\t<\/div>\n\t\t\t\t\t<\/div>\n\t\t<\/div>\n\t\t\t\t<div class=\"elementor-column elementor-col-50 elementor-top-column elementor-element elementor-element-52bc60aa\" data-id=\"52bc60aa\" data-element_type=\"column\">\n\t\t\t<div class=\"elementor-widget-wrap elementor-element-populated\">\n\t\t\t\t\t\t<div class=\"elementor-element elementor-element-7be1d4a elementor-widget elementor-widget-image\" data-id=\"7be1d4a\" data-element_type=\"widget\" data-widget_type=\"image.default\">\n\t\t\t\t<div class=\"elementor-widget-container\">\n\t\t\t\t\t\t\t\t\t\t\t\t\t\t\t\t<a href=\"https:\/\/play.google.com\/store\/apps\/details?id=events.grip.efschweiz1117&#038;pcampaignid=web_share\" target=\"_blank\">\n\t\t\t\t\t\t\t<img loading=\"lazy\" decoding=\"async\" width=\"300\" height=\"104\" src=\"https:\/\/easyfairsassets.com\/sites\/94\/2025\/01\/Get_it_on_Google_play-300x104.png\" class=\"attachment-medium size-medium wp-image-100325\" alt=\"\" srcset=\"https:\/\/easyfairsassets.com\/sites\/94\/2025\/01\/Get_it_on_Google_play-300x104.png 300w, https:\/\/easyfairsassets.com\/sites\/94\/2025\/01\/Get_it_on_Google_play-1024x355.png 1024w, https:\/\/easyfairsassets.com\/sites\/94\/2025\/01\/Get_it_on_Google_play-768x266.png 768w, https:\/\/easyfairsassets.com\/sites\/94\/2025\/01\/Get_it_on_Google_play-1536x533.png 1536w, https:\/\/easyfairsassets.com\/sites\/94\/2025\/01\/Get_it_on_Google_play.png 1920w\" sizes=\"(max-width: 300px) 100vw, 300px\" \/>\t\t\t\t\t\t\t\t<\/a>\n\t\t\t\t\t\t\t\t\t\t\t\t\t\t\t<\/div>\n\t\t\t\t<\/div>\n\t\t\t\t\t<\/div>\n\t\t<\/div>\n\t\t\t\t\t<\/div>\n\t\t<\/section>\n\t\t\t\t<\/div>\n\t\t","protected":false},"excerpt":{"rendered":"<p>D\u00e9couvrez notre nouvelle application pour salons, qui augmente votre visibilit\u00e9 avant, pendant et apr\u00e8s le salon et vous aide \u00e0 g\u00e9n\u00e9rer des leads suppl\u00e9mentaires. Maximisez votre exp\u00e9rience sur le salon et augmentez votre succ\u00e8s gr\u00e2ce \u00e0 des fonctionnalit\u00e9s innovantes !<\/p>\n","protected":false},"author":1430,"featured_media":0,"parent":0,"menu_order":0,"comment_status":"closed","ping_status":"closed","template":"","meta":{"_seopress_robots_primary_cat":"","_seopress_titles_title":"Exposants Foire App","_seopress_titles_desc":"D\u00e9couvrez notre nouvelle application pour le salon, qui augmente votre visibilit\u00e9 avant, pendant et apr\u00e8s le salon et vous aide \u00e0 g\u00e9n\u00e9rer des leads suppl\u00e9mentaires. ","_seopress_robots_index":"","footnotes":""},"class_list":["post-104661","page","type-page","status-publish","hentry"],"_links":{"self":[{"href":"https:\/\/www.logistics-automation.ch\/fr\/wp-json\/wp\/v2\/pages\/104661","targetHints":{"allow":["GET"]}}],"collection":[{"href":"https:\/\/www.logistics-automation.ch\/fr\/wp-json\/wp\/v2\/pages"}],"about":[{"href":"https:\/\/www.logistics-automation.ch\/fr\/wp-json\/wp\/v2\/types\/page"}],"author":[{"embeddable":true,"href":"https:\/\/www.logistics-automation.ch\/fr\/wp-json\/wp\/v2\/users\/1430"}],"replies":[{"embeddable":true,"href":"https:\/\/www.logistics-automation.ch\/fr\/wp-json\/wp\/v2\/comments?post=104661"}],"version-history":[{"count":2,"href":"https:\/\/www.logistics-automation.ch\/fr\/wp-json\/wp\/v2\/pages\/104661\/revisions"}],"predecessor-version":[{"id":124701,"href":"https:\/\/www.logistics-automation.ch\/fr\/wp-json\/wp\/v2\/pages\/104661\/revisions\/124701"}],"wp:attachment":[{"href":"https:\/\/www.logistics-automation.ch\/fr\/wp-json\/wp\/v2\/media?parent=104661"}],"curies":[{"name":"wp","href":"https:\/\/api.w.org\/{rel}","templated":true}]}}