{"id":104671,"date":"2025-03-11T11:05:12","date_gmt":"2025-03-11T10:05:12","guid":{"rendered":"https:\/\/www.logistics-automation.ch\/application-visiteurs-du-salon\/"},"modified":"2026-01-07T12:24:36","modified_gmt":"2026-01-07T11:24:36","slug":"application-visiteurs-du-salon","status":"publish","type":"page","link":"https:\/\/www.logistics-automation.ch\/fr\/application-visiteurs-du-salon\/","title":{"rendered":"Application visiteurs du salon"},"content":{"rendered":"\t\t<div data-elementor-type=\"wp-page\" data-elementor-id=\"104671\" class=\"elementor elementor-104671 elementor-100385\" data-elementor-post-type=\"page\">\n\t\t\t\t\t\t<section class=\"elementor-section elementor-top-section elementor-element elementor-element-9b1ff3 elementor-section-content-middle elementor-section-full_width elementor-section-height-default elementor-section-height-default\" data-id=\"9b1ff3\" data-element_type=\"section\" data-settings=\"{&quot;background_background&quot;:&quot;classic&quot;}\">\n\t\t\t\t\t\t<div class=\"elementor-container elementor-column-gap-no\">\n\t\t\t\t\t<div class=\"elementor-column elementor-col-50 elementor-top-column elementor-element elementor-element-d0ab9f7\" data-id=\"d0ab9f7\" data-element_type=\"column\" data-settings=\"{&quot;background_background&quot;:&quot;classic&quot;}\">\n\t\t\t<div class=\"elementor-widget-wrap elementor-element-populated\">\n\t\t\t\t\t\t<div class=\"elementor-element elementor-element-13cf5c80 elementor-widget elementor-widget-spacer\" data-id=\"13cf5c80\" data-element_type=\"widget\" data-widget_type=\"spacer.default\">\n\t\t\t\t<div class=\"elementor-widget-container\">\n\t\t\t\t\t\t\t<div class=\"elementor-spacer\">\n\t\t\t<div class=\"elementor-spacer-inner\"><\/div>\n\t\t<\/div>\n\t\t\t\t\t\t<\/div>\n\t\t\t\t<\/div>\n\t\t\t\t\t<\/div>\n\t\t<\/div>\n\t\t\t\t<div class=\"elementor-column elementor-col-50 elementor-top-column elementor-element elementor-element-1703b916\" data-id=\"1703b916\" data-element_type=\"column\" data-settings=\"{&quot;background_background&quot;:&quot;classic&quot;}\">\n\t\t\t<div class=\"elementor-widget-wrap elementor-element-populated\">\n\t\t\t\t\t\t<div class=\"elementor-element elementor-element-225c00ad elementor-widget elementor-widget-heading\" data-id=\"225c00ad\" data-element_type=\"widget\" data-widget_type=\"heading.default\">\n\t\t\t\t<div class=\"elementor-widget-container\">\n\t\t\t\t\t<h5 class=\"elementor-heading-title elementor-size-default\">Votre visite au salon<\/h5>\t\t\t\t<\/div>\n\t\t\t\t<\/div>\n\t\t\t\t<div class=\"elementor-element elementor-element-415b3214 elementor-widget elementor-widget-heading\" data-id=\"415b3214\" data-element_type=\"widget\" data-widget_type=\"heading.default\">\n\t\t\t\t<div class=\"elementor-widget-container\">\n\t\t\t\t\t<h2 class=\"elementor-heading-title elementor-size-default\">Les visiteurs app Easyfairs Schweiz <\/h2>\t\t\t\t<\/div>\n\t\t\t\t<\/div>\n\t\t\t\t<div class=\"elementor-element elementor-element-5f8bba5e elementor-widget elementor-widget-text-editor\" data-id=\"5f8bba5e\" data-element_type=\"widget\" data-widget_type=\"text-editor.default\">\n\t\t\t\t<div class=\"elementor-widget-container\">\n\t\t\t\t\t\t\t\t\t<p>Nous sommes heureux de vous pr\u00e9senter notre application innovante pour les salons, qui optimise votre exp\u00e9rience de visite du d\u00e9but \u00e0 la fin. Cette application n&rsquo;est pas seulement un outil de planification pratique, mais devient votre assistant personnel qui vous aide \u00e0 organiser votre salon de mani\u00e8re optimale. Voici les avantages en un coup d&rsquo;\u0153il :<\/p>\n\t\t\t\t\t\t\t\t<\/div>\n\t\t\t\t<\/div>\n\t\t\t\t<div class=\"elementor-element elementor-element-54ca2290 elementor-widget elementor-widget-button\" data-id=\"54ca2290\" data-element_type=\"widget\" data-widget_type=\"button.default\">\n\t\t\t\t<div class=\"elementor-widget-container\">\n\t\t\t\t\t\t\t\t\t<div class=\"elementor-button-wrapper\">\n\t\t\t\t\t<a class=\"elementor-button elementor-button-link elementor-size-sm\" href=\"https:\/\/fk0r4.app.link\/PacklogBern2025\" target=\"_blank\">\n\t\t\t\t\t\t<span class=\"elementor-button-content-wrapper\">\n\t\t\t\t\t\t<span class=\"elementor-button-icon\">\n\t\t\t\t<i aria-hidden=\"true\" class=\"fas fa-arrow-right\"><\/i>\t\t\t<\/span>\n\t\t\t\t\t\t\t\t\t<span class=\"elementor-button-text\">T\u00e9l\u00e9charger l'application<\/span>\n\t\t\t\t\t<\/span>\n\t\t\t\t\t<\/a>\n\t\t\t\t<\/div>\n\t\t\t\t\t\t\t\t<\/div>\n\t\t\t\t<\/div>\n\t\t\t\t\t<\/div>\n\t\t<\/div>\n\t\t\t\t\t<\/div>\n\t\t<\/section>\n\t\t\t\t<section class=\"elementor-section elementor-top-section elementor-element elementor-element-28e1ef48 elementor-section-boxed elementor-section-height-default elementor-section-height-default\" data-id=\"28e1ef48\" data-element_type=\"section\">\n\t\t\t\t\t\t<div class=\"elementor-container elementor-column-gap-default\">\n\t\t\t\t\t<div class=\"elementor-column elementor-col-100 elementor-top-column elementor-element elementor-element-afcede4\" data-id=\"afcede4\" data-element_type=\"column\">\n\t\t\t<div class=\"elementor-widget-wrap elementor-element-populated\">\n\t\t\t\t\t\t<div class=\"elementor-element elementor-element-21c2ce13 elementor-widget elementor-widget-heading\" data-id=\"21c2ce13\" data-element_type=\"widget\" data-widget_type=\"heading.default\">\n\t\t\t\t<div class=\"elementor-widget-container\">\n\t\t\t\t\t<h2 class=\"elementor-heading-title elementor-size-default\">En un coup d'\u0153il<\/h2>\t\t\t\t<\/div>\n\t\t\t\t<\/div>\n\t\t\t\t<div class=\"elementor-element elementor-element-5e77c564 elementor-widget elementor-widget-heading\" data-id=\"5e77c564\" data-element_type=\"widget\" data-widget_type=\"heading.default\">\n\t\t\t\t<div class=\"elementor-widget-container\">\n\t\t\t\t\t<h2 class=\"elementor-heading-title elementor-size-default\">Vos avantages avec l'appli salon<\/h2>\t\t\t\t<\/div>\n\t\t\t\t<\/div>\n\t\t\t\t\t<\/div>\n\t\t<\/div>\n\t\t\t\t\t<\/div>\n\t\t<\/section>\n\t\t\t\t<section class=\"elementor-section elementor-top-section elementor-element elementor-element-204fd195 elementor-section-boxed elementor-section-height-default elementor-section-height-default\" data-id=\"204fd195\" data-element_type=\"section\">\n\t\t\t\t\t\t<div class=\"elementor-container elementor-column-gap-default\">\n\t\t\t\t\t<div class=\"elementor-column elementor-col-50 elementor-top-column elementor-element elementor-element-128b7a9b\" data-id=\"128b7a9b\" data-element_type=\"column\">\n\t\t\t<div class=\"elementor-widget-wrap elementor-element-populated\">\n\t\t\t\t\t\t<div class=\"elementor-element elementor-element-23bf8c7b elementor-widget elementor-widget-image\" data-id=\"23bf8c7b\" data-element_type=\"widget\" data-widget_type=\"image.default\">\n\t\t\t\t<div class=\"elementor-widget-container\">\n\t\t\t\t\t\t\t\t\t\t\t\t\t\t\t<img fetchpriority=\"high\" decoding=\"async\" width=\"417\" height=\"521\" src=\"https:\/\/easyfairsassets.com\/sites\/94\/2025\/01\/logpack_app_web.jpg\" class=\"attachment-large size-large wp-image-100316\" alt=\"\" srcset=\"https:\/\/easyfairsassets.com\/sites\/94\/2025\/01\/logpack_app_web.jpg 417w, https:\/\/easyfairsassets.com\/sites\/94\/2025\/01\/logpack_app_web-240x300.jpg 240w\" sizes=\"(max-width: 417px) 100vw, 417px\" \/>\t\t\t\t\t\t\t\t\t\t\t\t\t\t\t<\/div>\n\t\t\t\t<\/div>\n\t\t\t\t\t<\/div>\n\t\t<\/div>\n\t\t\t\t<div class=\"elementor-column elementor-col-50 elementor-top-column elementor-element elementor-element-281e36b5\" data-id=\"281e36b5\" data-element_type=\"column\">\n\t\t\t<div class=\"elementor-widget-wrap elementor-element-populated\">\n\t\t\t\t\t\t<div class=\"elementor-element elementor-element-d6adb84 elementor-widget elementor-widget-spacer\" data-id=\"d6adb84\" data-element_type=\"widget\" data-widget_type=\"spacer.default\">\n\t\t\t\t<div class=\"elementor-widget-container\">\n\t\t\t\t\t\t\t<div class=\"elementor-spacer\">\n\t\t\t<div class=\"elementor-spacer-inner\"><\/div>\n\t\t<\/div>\n\t\t\t\t\t\t<\/div>\n\t\t\t\t<\/div>\n\t\t\t\t<div class=\"elementor-element elementor-element-446bc396 elementor-widget elementor-widget-toggle\" data-id=\"446bc396\" data-element_type=\"widget\" data-widget_type=\"toggle.default\">\n\t\t\t\t<div class=\"elementor-widget-container\">\n\t\t\t\t\t\t\t<div class=\"elementor-toggle\">\n\t\t\t\t\t\t\t<div class=\"elementor-toggle-item\">\n\t\t\t\t\t<div id=\"elementor-tab-title-1141\" class=\"elementor-tab-title\" data-tab=\"1\" role=\"button\" aria-controls=\"elementor-tab-content-1141\" aria-expanded=\"false\">\n\t\t\t\t\t\t\t\t\t\t\t\t<span class=\"elementor-toggle-icon elementor-toggle-icon-left\" aria-hidden=\"true\">\n\t\t\t\t\t\t\t\t\t\t\t\t\t\t\t<span class=\"elementor-toggle-icon-closed\"><i class=\"fas fa-caret-down\"><\/i><\/span>\n\t\t\t\t\t\t\t\t<span class=\"elementor-toggle-icon-opened\"><i class=\"elementor-toggle-icon-opened fas fa-caret-up\"><\/i><\/span>\n\t\t\t\t\t\t\t\t\t\t\t\t\t<\/span>\n\t\t\t\t\t\t\t\t\t\t\t\t<a class=\"elementor-toggle-title\" tabindex=\"0\">Votre billet d'entr\u00e9e num\u00e9rique au salon :<\/a>\n\t\t\t\t\t<\/div>\n\n\t\t\t\t\t<div id=\"elementor-tab-content-1141\" class=\"elementor-tab-content elementor-clearfix\" data-tab=\"1\" role=\"region\" aria-labelledby=\"elementor-tab-title-1141\"><p>Votre billet d&rsquo;entr\u00e9e au salon s&rsquo;affiche directement dans l&rsquo;application &#8211; pas besoin de l&rsquo;imprimer ou de le pr\u00e9senter par e-mail ! Il suffit d&rsquo;entrer et de commencer.<\/p>\n<\/div>\n\t\t\t\t<\/div>\n\t\t\t\t\t\t\t<div class=\"elementor-toggle-item\">\n\t\t\t\t\t<div id=\"elementor-tab-title-1142\" class=\"elementor-tab-title\" data-tab=\"2\" role=\"button\" aria-controls=\"elementor-tab-content-1142\" aria-expanded=\"false\">\n\t\t\t\t\t\t\t\t\t\t\t\t<span class=\"elementor-toggle-icon elementor-toggle-icon-left\" aria-hidden=\"true\">\n\t\t\t\t\t\t\t\t\t\t\t\t\t\t\t<span class=\"elementor-toggle-icon-closed\"><i class=\"fas fa-caret-down\"><\/i><\/span>\n\t\t\t\t\t\t\t\t<span class=\"elementor-toggle-icon-opened\"><i class=\"elementor-toggle-icon-opened fas fa-caret-up\"><\/i><\/span>\n\t\t\t\t\t\t\t\t\t\t\t\t\t<\/span>\n\t\t\t\t\t\t\t\t\t\t\t\t<a class=\"elementor-toggle-title\" tabindex=\"0\">Votre guide en ligne du salon :<\/a>\n\t\t\t\t\t<\/div>\n\n\t\t\t\t\t<div id=\"elementor-tab-content-1142\" class=\"elementor-tab-content elementor-clearfix\" data-tab=\"2\" role=\"region\" aria-labelledby=\"elementor-tab-title-1142\"><p>Toutes les informations importantes \u00e0 port\u00e9e de main : Le plan des halls, la liste des exposants et leurs produits sont disponibles de mani\u00e8re centralis\u00e9e dans l&rsquo;application.<\/p>\n<\/div>\n\t\t\t\t<\/div>\n\t\t\t\t\t\t\t<div class=\"elementor-toggle-item\">\n\t\t\t\t\t<div id=\"elementor-tab-title-1143\" class=\"elementor-tab-title\" data-tab=\"3\" role=\"button\" aria-controls=\"elementor-tab-content-1143\" aria-expanded=\"false\">\n\t\t\t\t\t\t\t\t\t\t\t\t<span class=\"elementor-toggle-icon elementor-toggle-icon-left\" aria-hidden=\"true\">\n\t\t\t\t\t\t\t\t\t\t\t\t\t\t\t<span class=\"elementor-toggle-icon-closed\"><i class=\"fas fa-caret-down\"><\/i><\/span>\n\t\t\t\t\t\t\t\t<span class=\"elementor-toggle-icon-opened\"><i class=\"elementor-toggle-icon-opened fas fa-caret-up\"><\/i><\/span>\n\t\t\t\t\t\t\t\t\t\t\t\t\t<\/span>\n\t\t\t\t\t\t\t\t\t\t\t\t<a class=\"elementor-toggle-title\" tabindex=\"0\">R\u00e9seau facile :<\/a>\n\t\t\t\t\t<\/div>\n\n\t\t\t\t\t<div id=\"elementor-tab-content-1143\" class=\"elementor-tab-content elementor-clearfix\" data-tab=\"3\" role=\"region\" aria-labelledby=\"elementor-tab-title-1143\"><p>Nouez des contacts avec les exposants avant ou pendant le salon et planifiez directement une rencontre personnelle.<\/p>\n<\/div>\n\t\t\t\t<\/div>\n\t\t\t\t\t\t\t<div class=\"elementor-toggle-item\">\n\t\t\t\t\t<div id=\"elementor-tab-title-1144\" class=\"elementor-tab-title\" data-tab=\"4\" role=\"button\" aria-controls=\"elementor-tab-content-1144\" aria-expanded=\"false\">\n\t\t\t\t\t\t\t\t\t\t\t\t<span class=\"elementor-toggle-icon elementor-toggle-icon-left\" aria-hidden=\"true\">\n\t\t\t\t\t\t\t\t\t\t\t\t\t\t\t<span class=\"elementor-toggle-icon-closed\"><i class=\"fas fa-caret-down\"><\/i><\/span>\n\t\t\t\t\t\t\t\t<span class=\"elementor-toggle-icon-opened\"><i class=\"elementor-toggle-icon-opened fas fa-caret-up\"><\/i><\/span>\n\t\t\t\t\t\t\t\t\t\t\t\t\t<\/span>\n\t\t\t\t\t\t\t\t\t\t\t\t<a class=\"elementor-toggle-title\" tabindex=\"0\">Votre calendrier personnel :<\/a>\n\t\t\t\t\t<\/div>\n\n\t\t\t\t\t<div id=\"elementor-tab-content-1144\" class=\"elementor-tab-content elementor-clearfix\" data-tab=\"4\" role=\"region\" aria-labelledby=\"elementor-tab-title-1144\"><p>Cr\u00e9ez votre propre programme de salon en enregistrant les conf\u00e9rences et les r\u00e9unions int\u00e9ressantes dans votre calendrier.<\/p>\n<\/div>\n\t\t\t\t<\/div>\n\t\t\t\t\t\t\t<div class=\"elementor-toggle-item\">\n\t\t\t\t\t<div id=\"elementor-tab-title-1145\" class=\"elementor-tab-title\" data-tab=\"5\" role=\"button\" aria-controls=\"elementor-tab-content-1145\" aria-expanded=\"false\">\n\t\t\t\t\t\t\t\t\t\t\t\t<span class=\"elementor-toggle-icon elementor-toggle-icon-left\" aria-hidden=\"true\">\n\t\t\t\t\t\t\t\t\t\t\t\t\t\t\t<span class=\"elementor-toggle-icon-closed\"><i class=\"fas fa-caret-down\"><\/i><\/span>\n\t\t\t\t\t\t\t\t<span class=\"elementor-toggle-icon-opened\"><i class=\"elementor-toggle-icon-opened fas fa-caret-up\"><\/i><\/span>\n\t\t\t\t\t\t\t\t\t\t\t\t\t<\/span>\n\t\t\t\t\t\t\t\t\t\t\t\t<a class=\"elementor-toggle-title\" tabindex=\"0\">Tout au m\u00eame endroit :<\/a>\n\t\t\t\t\t<\/div>\n\n\t\t\t\t\t<div id=\"elementor-tab-content-1145\" class=\"elementor-tab-content elementor-clearfix\" data-tab=\"5\" role=\"region\" aria-labelledby=\"elementor-tab-title-1145\"><p>La liste des exposants, le plan des halls, les produits des exposants et le programme-cadre sont disponibles \u00e0 tout moment et de mani\u00e8re claire dans l&rsquo;application.<\/p>\n<\/div>\n\t\t\t\t<\/div>\n\t\t\t\t\t\t\t<div class=\"elementor-toggle-item\">\n\t\t\t\t\t<div id=\"elementor-tab-title-1146\" class=\"elementor-tab-title\" data-tab=\"6\" role=\"button\" aria-controls=\"elementor-tab-content-1146\" aria-expanded=\"false\">\n\t\t\t\t\t\t\t\t\t\t\t\t<span class=\"elementor-toggle-icon elementor-toggle-icon-left\" aria-hidden=\"true\">\n\t\t\t\t\t\t\t\t\t\t\t\t\t\t\t<span class=\"elementor-toggle-icon-closed\"><i class=\"fas fa-caret-down\"><\/i><\/span>\n\t\t\t\t\t\t\t\t<span class=\"elementor-toggle-icon-opened\"><i class=\"elementor-toggle-icon-opened fas fa-caret-up\"><\/i><\/span>\n\t\t\t\t\t\t\t\t\t\t\t\t\t<\/span>\n\t\t\t\t\t\t\t\t\t\t\t\t<a class=\"elementor-toggle-title\" tabindex=\"0\">Recommandations personnalis\u00e9es :<\/a>\n\t\t\t\t\t<\/div>\n\n\t\t\t\t\t<div id=\"elementor-tab-content-1146\" class=\"elementor-tab-content elementor-clearfix\" data-tab=\"6\" role=\"region\" aria-labelledby=\"elementor-tab-title-1146\"><p>En fonction de vos int\u00e9r\u00eats et de vos besoins professionnels, vous recevrez des propositions sur mesure pour les exposants, les produits, les conf\u00e9rences et m\u00eame les autres visiteurs.<\/p>\n<\/div>\n\t\t\t\t<\/div>\n\t\t\t\t\t\t\t<div class=\"elementor-toggle-item\">\n\t\t\t\t\t<div id=\"elementor-tab-title-1147\" class=\"elementor-tab-title\" data-tab=\"7\" role=\"button\" aria-controls=\"elementor-tab-content-1147\" aria-expanded=\"false\">\n\t\t\t\t\t\t\t\t\t\t\t\t<span class=\"elementor-toggle-icon elementor-toggle-icon-left\" aria-hidden=\"true\">\n\t\t\t\t\t\t\t\t\t\t\t\t\t\t\t<span class=\"elementor-toggle-icon-closed\"><i class=\"fas fa-caret-down\"><\/i><\/span>\n\t\t\t\t\t\t\t\t<span class=\"elementor-toggle-icon-opened\"><i class=\"elementor-toggle-icon-opened fas fa-caret-up\"><\/i><\/span>\n\t\t\t\t\t\t\t\t\t\t\t\t\t<\/span>\n\t\t\t\t\t\t\t\t\t\t\t\t<a class=\"elementor-toggle-title\" tabindex=\"0\">Mises \u00e0 jour en temps r\u00e9el :<\/a>\n\t\t\t\t\t<\/div>\n\n\t\t\t\t\t<div id=\"elementor-tab-content-1147\" class=\"elementor-tab-content elementor-clearfix\" data-tab=\"7\" role=\"region\" aria-labelledby=\"elementor-tab-title-1147\"><p>Soyez toujours au courant des derni\u00e8res nouvelles gr\u00e2ce aux notifications d&rsquo;\u00e9v\u00e9nements et aux mises \u00e0 jour en temps r\u00e9el tout au long de l&rsquo;\u00e9v\u00e9nement.<\/p>\n<\/div>\n\t\t\t\t<\/div>\n\t\t\t\t\t\t\t\t<\/div>\n\t\t\t\t\t\t<\/div>\n\t\t\t\t<\/div>\n\t\t\t\t\t<\/div>\n\t\t<\/div>\n\t\t\t\t\t<\/div>\n\t\t<\/section>\n\t\t\t\t<section class=\"elementor-section elementor-top-section elementor-element elementor-element-556fb2b3 elementor-section-boxed elementor-section-height-default elementor-section-height-default\" data-id=\"556fb2b3\" data-element_type=\"section\" data-settings=\"{&quot;background_background&quot;:&quot;classic&quot;}\">\n\t\t\t\t\t\t\t<div class=\"elementor-background-overlay\"><\/div>\n\t\t\t\t\t\t\t<div class=\"elementor-container elementor-column-gap-default\">\n\t\t\t\t\t<div class=\"elementor-column elementor-col-66 elementor-top-column elementor-element elementor-element-4ba201b1\" data-id=\"4ba201b1\" data-element_type=\"column\">\n\t\t\t<div class=\"elementor-widget-wrap elementor-element-populated\">\n\t\t\t\t\t\t<div class=\"elementor-element elementor-element-65f8f656 elementor-widget elementor-widget-heading\" data-id=\"65f8f656\" data-element_type=\"widget\" data-widget_type=\"heading.default\">\n\t\t\t\t<div class=\"elementor-widget-container\">\n\t\t\t\t\t<h2 class=\"elementor-heading-title elementor-size-default\">Voici comment fonctionne l'application<\/h2>\t\t\t\t<\/div>\n\t\t\t\t<\/div>\n\t\t\t\t<div class=\"elementor-element elementor-element-4ac09b43 elementor-widget elementor-widget-text-editor\" data-id=\"4ac09b43\" data-element_type=\"widget\" data-widget_type=\"text-editor.default\">\n\t\t\t\t<div class=\"elementor-widget-container\">\n\t\t\t\t\t\t\t\t\t<p>1. inscrivez-vous au salon : Assurez-vous votre entr\u00e9e au salon <a href=\"https:\/\/www.logistics-automation.ch\/de\/messetickets\/\">ici<\/a>. Apr\u00e8s l&rsquo;inscription, vous recevrez un e-mail vous permettant de cr\u00e9er votre compte dans l&rsquo;application.<\/p>\n<p>2. t\u00e9l\u00e9chargez l&rsquo;application : T\u00e9l\u00e9chargez facilement l&rsquo;application sur votre smartphone en utilisant le lien de t\u00e9l\u00e9chargement ou en scannant le code QR ci-contre. Vous pouvez \u00e9galement utiliser l&rsquo;application web sur votre bureau.<\/p>\n<p>3. cr\u00e9ez votre profil : Donnez-nous un aper\u00e7u de vos int\u00e9r\u00eats, de votre secteur d&rsquo;activit\u00e9 et de ce que vous recherchez sur le salon &#8211; nous pourrons ainsi vous proposer des recommandations adapt\u00e9es.<\/p>\n<p>4. commencez \u00e0 r\u00e9seauter : d\u00e9couvrez des suggestions personnalis\u00e9es, \u00e9tablissez des contacts avec d&rsquo;autres professionnels et planifiez directement des r\u00e9unions avec les exposants et les visiteurs.<\/p>\n<p>5. maximisez votre exp\u00e9rience sur le salon : utilisez votre emploi du temps personnel pour cibler de nouveaux contacts et obtenir de pr\u00e9cieux insights.<\/p>\n<p>Commencez d\u00e8s maintenant et profitez au maximum de votre visite au salon !<\/p>\n\t\t\t\t\t\t\t\t<\/div>\n\t\t\t\t<\/div>\n\t\t\t\t\t<\/div>\n\t\t<\/div>\n\t\t\t\t<div class=\"elementor-column elementor-col-33 elementor-top-column elementor-element elementor-element-49ebbb81\" data-id=\"49ebbb81\" data-element_type=\"column\">\n\t\t\t<div class=\"elementor-widget-wrap elementor-element-populated\">\n\t\t\t\t\t\t<div class=\"elementor-element elementor-element-622209b0 elementor-widget elementor-widget-image\" data-id=\"622209b0\" data-element_type=\"widget\" data-widget_type=\"image.default\">\n\t\t\t\t<div class=\"elementor-widget-container\">\n\t\t\t\t\t\t\t\t\t\t\t\t\t\t\t<img decoding=\"async\" width=\"300\" height=\"300\" src=\"https:\/\/easyfairsassets.com\/sites\/94\/2026\/01\/PACKLOG_APP_2026-300x300.png\" class=\"attachment-medium size-medium wp-image-124680\" alt=\"Easyfairs Schweiz Messe App PACKLOG\" srcset=\"https:\/\/easyfairsassets.com\/sites\/94\/2026\/01\/PACKLOG_APP_2026-300x300.png 300w, https:\/\/easyfairsassets.com\/sites\/94\/2026\/01\/PACKLOG_APP_2026-1024x1024.png 1024w, https:\/\/easyfairsassets.com\/sites\/94\/2026\/01\/PACKLOG_APP_2026-150x150.png 150w, https:\/\/easyfairsassets.com\/sites\/94\/2026\/01\/PACKLOG_APP_2026-768x768.png 768w, https:\/\/easyfairsassets.com\/sites\/94\/2026\/01\/PACKLOG_APP_2026-1536x1536.png 1536w, https:\/\/easyfairsassets.com\/sites\/94\/2026\/01\/PACKLOG_APP_2026.png 1776w\" sizes=\"(max-width: 300px) 100vw, 300px\" \/>\t\t\t\t\t\t\t\t\t\t\t\t\t\t\t<\/div>\n\t\t\t\t<\/div>\n\t\t\t\t\t<\/div>\n\t\t<\/div>\n\t\t\t\t\t<\/div>\n\t\t<\/section>\n\t\t\t\t<section class=\"elementor-section elementor-top-section elementor-element elementor-element-607bf979 elementor-section-boxed elementor-section-height-default elementor-section-height-default\" data-id=\"607bf979\" data-element_type=\"section\">\n\t\t\t\t\t\t<div class=\"elementor-container elementor-column-gap-default\">\n\t\t\t\t\t<div class=\"elementor-column elementor-col-50 elementor-top-column elementor-element elementor-element-701cfc1a\" data-id=\"701cfc1a\" data-element_type=\"column\">\n\t\t\t<div class=\"elementor-widget-wrap elementor-element-populated\">\n\t\t\t\t\t\t<div class=\"elementor-element elementor-element-481b3d40 elementor-widget elementor-widget-image\" data-id=\"481b3d40\" data-element_type=\"widget\" data-widget_type=\"image.default\">\n\t\t\t\t<div class=\"elementor-widget-container\">\n\t\t\t\t\t\t\t\t\t\t\t\t\t\t\t\t<a href=\"https:\/\/apps.apple.com\/ai\/app\/easyfairs-schweiz\/id6747433191\" target=\"_blank\">\n\t\t\t\t\t\t\t<img decoding=\"async\" width=\"300\" height=\"104\" src=\"https:\/\/easyfairsassets.com\/sites\/94\/2025\/01\/Download-on-the-App-Store-button-300x104.png\" class=\"attachment-medium size-medium wp-image-100322\" alt=\"\" srcset=\"https:\/\/easyfairsassets.com\/sites\/94\/2025\/01\/Download-on-the-App-Store-button-300x104.png 300w, https:\/\/easyfairsassets.com\/sites\/94\/2025\/01\/Download-on-the-App-Store-button-1024x355.png 1024w, https:\/\/easyfairsassets.com\/sites\/94\/2025\/01\/Download-on-the-App-Store-button-768x266.png 768w, https:\/\/easyfairsassets.com\/sites\/94\/2025\/01\/Download-on-the-App-Store-button-1536x533.png 1536w, https:\/\/easyfairsassets.com\/sites\/94\/2025\/01\/Download-on-the-App-Store-button.png 1920w\" sizes=\"(max-width: 300px) 100vw, 300px\" \/>\t\t\t\t\t\t\t\t<\/a>\n\t\t\t\t\t\t\t\t\t\t\t\t\t\t\t<\/div>\n\t\t\t\t<\/div>\n\t\t\t\t\t<\/div>\n\t\t<\/div>\n\t\t\t\t<div class=\"elementor-column elementor-col-50 elementor-top-column elementor-element elementor-element-31419602\" data-id=\"31419602\" data-element_type=\"column\">\n\t\t\t<div class=\"elementor-widget-wrap elementor-element-populated\">\n\t\t\t\t\t\t<div class=\"elementor-element elementor-element-1ef23173 elementor-widget elementor-widget-image\" data-id=\"1ef23173\" data-element_type=\"widget\" data-widget_type=\"image.default\">\n\t\t\t\t<div class=\"elementor-widget-container\">\n\t\t\t\t\t\t\t\t\t\t\t\t\t\t\t\t<a href=\"https:\/\/play.google.com\/store\/apps\/details?id=events.grip.efschweiz1117&#038;pcampaignid=web_share\" target=\"_blank\">\n\t\t\t\t\t\t\t<img loading=\"lazy\" decoding=\"async\" width=\"300\" height=\"104\" src=\"https:\/\/easyfairsassets.com\/sites\/94\/2025\/01\/Get_it_on_Google_play-300x104.png\" class=\"attachment-medium size-medium wp-image-100325\" alt=\"\" srcset=\"https:\/\/easyfairsassets.com\/sites\/94\/2025\/01\/Get_it_on_Google_play-300x104.png 300w, https:\/\/easyfairsassets.com\/sites\/94\/2025\/01\/Get_it_on_Google_play-1024x355.png 1024w, https:\/\/easyfairsassets.com\/sites\/94\/2025\/01\/Get_it_on_Google_play-768x266.png 768w, https:\/\/easyfairsassets.com\/sites\/94\/2025\/01\/Get_it_on_Google_play-1536x533.png 1536w, https:\/\/easyfairsassets.com\/sites\/94\/2025\/01\/Get_it_on_Google_play.png 1920w\" sizes=\"(max-width: 300px) 100vw, 300px\" \/>\t\t\t\t\t\t\t\t<\/a>\n\t\t\t\t\t\t\t\t\t\t\t\t\t\t\t<\/div>\n\t\t\t\t<\/div>\n\t\t\t\t\t<\/div>\n\t\t<\/div>\n\t\t\t\t\t<\/div>\n\t\t<\/section>\n\t\t\t\t<\/div>\n\t\t","protected":false},"excerpt":{"rendered":"<p>Vivez une exp\u00e9rience de visite optimis\u00e9e gr\u00e2ce \u00e0 notre application innovante pour les salons ! Du matchmaking au suivi, l&rsquo;appli vous accompagne en tant qu&rsquo;assistant personnel et vous aide \u00e0 organiser votre salon de mani\u00e8re optimale.<\/p>\n","protected":false},"author":1430,"featured_media":0,"parent":0,"menu_order":0,"comment_status":"closed","ping_status":"closed","template":"","meta":{"_seopress_robots_primary_cat":"","_seopress_titles_title":"Application visiteurs du salon","_seopress_titles_desc":"Vivez une exp\u00e9rience de salon optimis\u00e9e gr\u00e2ce \u00e0 notre application salon ! L'application vous accompagne en tant qu'assistant personnel et vous met en relation avec les exposants et les experts.","_seopress_robots_index":"","footnotes":""},"class_list":["post-104671","page","type-page","status-publish","hentry"],"_links":{"self":[{"href":"https:\/\/www.logistics-automation.ch\/fr\/wp-json\/wp\/v2\/pages\/104671","targetHints":{"allow":["GET"]}}],"collection":[{"href":"https:\/\/www.logistics-automation.ch\/fr\/wp-json\/wp\/v2\/pages"}],"about":[{"href":"https:\/\/www.logistics-automation.ch\/fr\/wp-json\/wp\/v2\/types\/page"}],"author":[{"embeddable":true,"href":"https:\/\/www.logistics-automation.ch\/fr\/wp-json\/wp\/v2\/users\/1430"}],"replies":[{"embeddable":true,"href":"https:\/\/www.logistics-automation.ch\/fr\/wp-json\/wp\/v2\/comments?post=104671"}],"version-history":[{"count":2,"href":"https:\/\/www.logistics-automation.ch\/fr\/wp-json\/wp\/v2\/pages\/104671\/revisions"}],"predecessor-version":[{"id":124710,"href":"https:\/\/www.logistics-automation.ch\/fr\/wp-json\/wp\/v2\/pages\/104671\/revisions\/124710"}],"wp:attachment":[{"href":"https:\/\/www.logistics-automation.ch\/fr\/wp-json\/wp\/v2\/media?parent=104671"}],"curies":[{"name":"wp","href":"https:\/\/api.w.org\/{rel}","templated":true}]}}